{"id":7,"date":"2015-07-14T13:04:37","date_gmt":"2015-07-14T13:04:37","guid":{"rendered":"http:\/\/apothekeamkran.de\/?page_id=7"},"modified":"2018-05-24T19:56:21","modified_gmt":"2018-05-24T19:56:21","slug":"impressum","status":"publish","type":"page","link":"https:\/\/www.apotheke-am-kran.de\/en\/impressum\/","title":{"rendered":"Impressum"},"content":{"rendered":"<section class=\"wpb-content-wrapper\"><p>[vc_row full_width=&#8221;stretch_row_content_no_spaces&#8221; parallax=&#8221;&#8221; parallax_image=&#8221;&#8221;][vc_column width=&#8221;1\/1&#8243;][rev_slider_vc alias=&#8221;intro&#8221;][\/vc_column][\/vc_row][vc_row full_width=&#8221;&#8221; parallax=&#8221;&#8221; parallax_image=&#8221;&#8221;][vc_column width=&#8221;1\/1&#8243;][vc_column_text]<\/p>\n<h1>Impressum<\/h1>\n<p>[\/vc_column_text][\/vc_column][\/vc_row][vc_row full_width=&#8221;&#8221; parallax=&#8221;&#8221; parallax_image=&#8221;&#8221;][vc_column width=&#8221;1\/1&#8243;][vc_column_text]<\/p>\n<h2>Apotheke am Kran<\/h2>\n<p><a href=\"http:\/\/www.apothekeamkran.de\">www.apothekeamkran.de<\/a><br \/>\nApothekerin Dorothea Wendt eK<br \/>\nL\u00fcnertorstr. 5<br \/>\n21335 L\u00fcneburg<br \/>\nTelefon + 49 (0) 4131 &#8211; 35933<br \/>\nFax + 49 (0) 4131 &#8211; 32849<br \/>\nmail@apothekeamkran.de<\/p>\n<p>&nbsp;<\/p>\n<p>Gesetzliche Berufsbezeichnung, verliehen in D\u00fcsseldorf, Deutschland: Apothekerin<br \/>\nZust\u00e4ndige Aufsichtsbeh\u00f6rde: Bezirksregierung L\u00fcneburg<br \/>\nHandelsregister: Amtsgericht L\u00fcneburg \u00b7 HRA 202251<br \/>\nZust\u00e4ndige Apothekerkammer: Apothekerkammer Niedersachsen, Hannover<br \/>\nUSt-IdNr.: DE 298 406 454<\/p>\n<p>Gestaltung und Umsetzung: <a title=\"AgenturEINS - Werbende Beschriftung, Schilder, Fahrzeugbeschriftung, Webdesign und mehr - Agentur aus V\u00f6gelsen bei L\u00fcneburg\" href=\"http:\/\/www.agentureins.de\" target=\"_blank\">AgenturEINS<\/a>, L\u00fcneburg-V\u00f6gelsen<\/p>\n<p><strong><br \/>\nZust\u00e4ndige Kammer:<\/strong> Apothekerkammer Niedersachsen<br \/>\nAbt. Apotheken- und Berufsaufsicht<br \/>\nAn der Markuskirche 4<br \/>\n30163 Hannover<br \/>\ninfo@apothekerkammer-nds.de<br \/>\nwww.apothekerkammer-nds.de\/apothekenaufsicht.php<br \/>\nwww.apothekerkammer-niedersachsen.de<\/p>\n<p>&nbsp;<\/p>\n<p><strong>Haftung f\u00fcr Inhalte<\/strong><br \/>\nDie Inhalte unserer Seiten wurden mit gr\u00f6\u00dfter Sorgfalt erstellt. F\u00fcr die Richtigkeit,\u00a0Vollst\u00e4ndigkeit und Aktualit\u00e4t der Inhalte k\u00f6nnen wir jedoch keine Gew\u00e4hr \u00fcbernehmen.\u00a0Als Diensteanbieter sind wir gem\u00e4\u00df \u00a7 6 Abs.1 MDStV und \u00a7 7 Abs.1 TMG f\u00fcr eigene Inhalte\u00a0auf diesen Seiten nach den allgemeinen Gesetzen verantwortlich.<br \/>\nNach \u00a7\u00a7 8 bis 10 TMG sind wir als Diensteanbieter jedoch nicht verpflichtet, \u00fcbermittelte\u00a0oder gespeicherte fremde Informationen zu \u00fcberwachen oder nach Umst\u00e4nden\u00a0zu forschen, die auf eine rechtswidrige T\u00e4tigkeit hinweisen. Verpflichtungen zur Entfernung\u00a0oder Sperrung der Nutzung von Informationen nach den allgemeinen Gesetzen\u00a0bleiben hiervon unber\u00fchrt. Eine diesbez\u00fcgliche Haftung ist jedoch erst ab dem Zeitpunkt\u00a0der Kenntnis einer konkreten Rechtsverletzung m\u00f6glich. Bei Bekanntwerden von\u00a0entsprechenden Rechtsverletzungen werden wir diese Inhalte umgehend entfernen.<\/p>\n<p>&nbsp;<\/p>\n<p><strong>Haftung f\u00fcr Links<\/strong><br \/>\nUnsere Internetseite enth\u00e4lt Links zu externen Webseiten Dritter, auf deren Inhalte wir\u00a0keinen Einfluss haben. Deshalb k\u00f6nnen wir f\u00fcr diese fremden Inhalte auch keine Gew\u00e4hr\u00a0\u00fcbernehmen. F\u00fcr die Inhalte der verlinkten Seiten ist stets der jeweilige Anbieter oder\u00a0Betreiber der Seiten verantwortlich. Die verlinkten Seiten wurden zum Zeitpunkt der\u00a0Verlinkung auf m\u00f6gliche Rechtsverst\u00f6\u00dfe \u00fcberpr\u00fcft. Rechtswidrige Inhalte waren zum\u00a0Zeitpunkt der Verlinkung nicht erkennbar. Eine permanente inhaltliche Kontrolle der\u00a0verlinkten Seiten ist jedoch ohne konkrete Anhaltspunkte einer Rechtsverletzung nicht\u00a0zumutbar. Bei Bekanntwerden von Rechtsverletzungen werden wir derartige Links\u00a0umgehend entfernen.<\/p>\n<p>&nbsp;<\/p>\n<p><strong>Urheberrecht<\/strong><br \/>\nDie durch die Seitenbetreiber erstellten Inhalte und Werke auf diesen Seiten unterliegen\u00a0dem deutschen Urheberrecht. Die Vervielf\u00e4ltigung, Bearbeitung, Verbreitung und\u00a0jede Art der Verwertung au\u00dferhalb der Grenzen des Urheberrechtes bed\u00fcrfen der\u00a0schriftlichen Zustimmung des jeweiligen Autors bzw. Erstellers. Downloads und Kopien\u00a0dieser Seite sind nur f\u00fcr den privaten, nicht kommerziellen Gebrauch gestattet. Soweit\u00a0die Inhalte auf dieser Seite nicht vom Betreiber erstellt wurden, werden die Urheberrechte\u00a0Dritter beachtet. Insbesondere werden Inhalte Dritter als solche gekennzeichnet.<br \/>\nSollten Sie trotzdem auf eine Urheberrechtsverletzung aufmerksam werden, bitten wir\u00a0um einen entsprechenden Hinweis.\u00a0Bei Bekanntwerden von Rechtsverletzungen werden wir derartige Inhalte umgehend<br \/>\nentfernen.<\/p>\n<p>&nbsp;<\/p>\n<p><strong>Datenschutz<\/strong><br \/>\nDie Nutzung unserer Webseite ist in der Regel ohne Angabe personenbezogener Daten\u00a0m\u00f6glich. Soweit auf unseren Seiten personenbezogene Daten (beispielsweise Name,\u00a0Anschrift oder eMail-Adressen) erhoben werden, erfolgt dies, soweit m\u00f6glich, stets auf\u00a0freiwilliger Basis. Diese Daten werden ohne Ihre ausdr\u00fcckliche Zustimmung nicht an\u00a0Dritte weitergegeben.<\/p>\n<p>Wir weisen darauf hin, dass die Daten\u00fcbertragung im Internet (z.B. bei der\u00a0Kommunikation per E-Mail) Sicherheitsl\u00fccken aufweisen kann. Ein l\u00fcckenloser Schutz\u00a0der Daten vor dem Zugriff durch Dritte ist nicht m\u00f6glich. \u2013 Beachten Sie dies bitte\u00a0besonders, wenn Sie uns pers\u00f6nliche Daten (Rezepte o.\u00e4.) per E-Mail zusenden.<\/p>\n<p>Der Nutzung von im Rahmen der Impressumspflicht ver\u00f6ffentlichten Kontaktdaten durch\u00a0Dritte zur \u00dcbersendung von nicht ausdr\u00fccklich angeforderter Werbung und Informationsmaterialien\u00a0wird hiermit ausdr\u00fccklich widersprochen.\u00a0Die Betreiber der Seiten behalten sich ausdr\u00fccklich rechtliche Schritte im Falle der\u00a0unverlangten Zusendung von Werbeinformationen, etwa durch Spam-Mails, vor.<\/p>\n<p>&nbsp;<\/p>\n<p><strong>Datenschutzerkl\u00e4rung<\/strong><br \/>\nWir erheben, verwenden und speichern Ihre personenbezogenen Daten ausschlie\u00dflich im\u00a0Rahmen der Bestimmungen des Bundesdatenschutzgesetzes der Bundesrepublik\u00a0Deutschland. Nachfolgend unterrichten wir Sie \u00fcber Art, Umfang und Zweck der\u00a0Datenerhebung und Verwendung.<\/p>\n<p>&nbsp;<\/p>\n<p><strong>Erhebung und Verarbeitung von Daten<\/strong><br \/>\nJeder Zugriff auf unsere Internetseite und jeder Abruf einer auf dieser Website\u00a0hinterlegten Datei werden protokolliert. Die Speicherung dient internen\u00a0systembezogenen und statistischen Zwecken. Protokolliert werden: Name der\u00a0abgerufenen Datei, Datum und Uhrzeit des Abrufs, \u00fcbertragene Datenmenge, Meldung\u00a0\u00fcber erfolgreichen Abruf, Webbrowser und anfragende Domain. Zus\u00e4tzlich werden die IP\u00a0Adressen der anfragenden Rechner protokolliert. Weitergehende personenbezogene\u00a0Daten werden nur erfasst, wenn der Nutzer der Website und\/oder Kunde Angaben\u00a0freiwillig, etwa im Rahmen einer Anfrage oder Registrierung oder zum Abschluss eines\u00a0Vertrages oder \u00fcber die Einstellungen seines Browsers t\u00e4tigt.<\/p>\n<p>&nbsp;<\/p>\n<p><strong>Nutzung und Weitergabe personenbezogener Daten.<br \/>\n<\/strong>Soweit der Nutzer unserer Webseite personenbezogene Daten zur Verf\u00fcgung gestellt hat,\u00a0verwenden wir diese nur zur Beantwortung von Anfragen des Nutzers der Website\u00a0und\/oder Kunden, zur Abwicklung mit dem Nutzer der Website und\/oder Kunden\u00a0geschlossener Vertr\u00e4ge und f\u00fcr die technische Administration. Personenbezogene Daten\u00a0werden von uns an Dritte nur weitergegeben oder sonst \u00fcbermittelt, wenn dies zum\u00a0Zwecke der Vertragsabwicklung oder zu Abrechnungszwecken erforderlich ist oder der<br \/>\nNutzer der Website und\/oder Kunde zuvor eingewilligt hat. Der Nutzer der Website\u00a0und\/oder Kunde hat das Recht, eine erteilte Einwilligung mit Wirkung f\u00fcr die Zukunft\u00a0jederzeit zu widerrufen.<br \/>\nDie L\u00f6schung der gespeicherten personenbezogenen Daten erfolgt, wenn der Nutzer der\u00a0Website und\/oder Kunde die Einwilligung zur Speicherung widerruft, wenn ihre Kenntnis\u00a0zur Erf\u00fcllung des mit der Speicherung verfolgten Zwecks nicht mehr erforderlich ist oder\u00a0wenn ihre Speicherung aus sonstigen gesetzlichen Gr\u00fcnden unzul\u00e4ssig ist. Daten f\u00fcr\u00a0Abrechnungszwecke und buchhalterische Zwecke werden von einem L\u00f6schungsverlangen\u00a0nicht ber\u00fchrt.<\/p>\n<p>&nbsp;<\/p>\n<p><strong>Auskunftsrecht<\/strong><br \/>\nAuf schriftliche Anfrage informieren wir den Nutzer der Website und\/oder den Kunden\u00a0\u00fcber die zu seiner Person gespeicherten Daten. Die Anfrage ist an unsere im Impressum\u00a0der Webseite angegebene Adresse zu richten.<\/p>\n<p>&nbsp;<\/p>\n<p><strong>Datenschutzerkl\u00e4rung f\u00fcr die Nutzung von Google Analytics<\/strong><br \/>\nDiese Website benutzt Google Analytics, einen Webanalysedienst der Google Inc.\u00a0(\u201cGoogle\u201d). Google Analytics verwendet sog. \u201cCookies\u201d, Textdateien, die auf Ihrem\u00a0Computer gespeichert werden und die eine Analyse der Benutzung der Website durch Sie\u00a0erm\u00f6glichen. Die durch den Cookie erzeugten Informationen \u00fcber Ihre Benutzung dieser\u00a0Website werden in der Regel an einen Server von Google in den USA \u00fcbertragen und dort\u00a0gespeichert. Im Falle der Aktivierung der IP-Anonymisierung auf dieser Webseite wird\u00a0Ihre IP-Adresse von Google jedoch innerhalb von Mitgliedstaaten der Europ\u00e4ischen Union\u00a0oder in anderen Vertragsstaaten des Abkommens \u00fcber den Europ\u00e4ischen Wirtschaftsraum<br \/>\nzuvor gek\u00fcrzt.<br \/>\nNur in Ausnahmef\u00e4llen wird die volle IP-Adresse an einen Server von Google in den USA\u00a0\u00fcbertragen und dort gek\u00fcrzt. Im Auftrag des Betreibers dieser Website wird Google diese\u00a0Informationen benutzen, um Ihre Nutzung der Website auszuwerten, um Reports \u00fcber\u00a0die Websiteaktivit\u00e4ten zusammenzustellen und um weitere mit der Websitenutzung und\u00a0der Internetnutzung verbundene Dienstleistungen gegen\u00fcber dem Websitebetreiber zu\u00a0erbringen. Die im Rahmen von Google Analytics von Ihrem Browser \u00fcbermittelte IPAdresse<br \/>\nwird nicht mit anderen Daten von Google zusammengef\u00fchrt.\u00a0Sie k\u00f6nnen die Speicherung der Cookies durch eine entsprechende Einstellung Ihrer<br \/>\nBrowser-Software verhindern; wir weisen Sie jedoch darauf hin, dass Sie in diesem Fall\u00a0gegebenenfalls nicht s\u00e4mtliche Funktionen dieser Website vollumf\u00e4nglich werden nutzen\u00a0k\u00f6nnen. Sie k\u00f6nnen dar\u00fcber hinaus die Erfassung der durch das Cookie erzeugten und auf\u00a0Ihre Nutzung der Website bezogenen Daten (inkl. Ihrer IP-Adresse) an Google sowie die\u00a0Verarbeitung dieser Daten durch Google verhindern, indem sie das unter dem folgenden<br \/>\nLink verf\u00fcgbare Browser-Plugin herunterladen und installieren:<br \/>\n<a href=\"http:\/\/tools.google.com\/dlpage\/gaoptout?hl=de\" target=\"_blank\">http:\/\/tools.google.com\/dlpage\/gaoptout?hl=de<\/a>.<\/p>\n<p>&nbsp;<\/p>\n<p><strong>Datenschutzerkl\u00e4rung f\u00fcr die Nutzung von Google Adsense<\/strong><br \/>\nDiese Website benutzt Google AdSense, einen Dienst zum Einbinden von\u00a0<span style=\"line-height: 1.5;\">Werbeanzeigen\u00a0<\/span><span style=\"line-height: 1.5;\">der Google Inc. (\u201cGoogle\u201d). Google AdSense verwendet sog. \u201cCookies\u201d, Textdateien, die\u00a0<\/span><span style=\"line-height: 1.5;\">auf Ihrem Computer gespeichert werden und die eine Analyse der Benutzung der Website\u00a0<\/span><span style=\"line-height: 1.5;\">erm\u00f6glicht. Google AdSense verwendet auch so genannte Web Beacons\u00a0<\/span><span style=\"line-height: 1.5;\">(unsichtbare Grafiken). Durch diese Web Beacons k\u00f6nnen Informationen wie der\u00a0<\/span><span style=\"line-height: 1.5;\">Besucherverkehr auf diesen Seiten ausgewertet werden.\u00a0<\/span><span style=\"line-height: 1.5;\">Die durch Cookies und Web Beacons erzeugten Informationen \u00fcber die Benutzung dieser\u00a0<\/span><span style=\"line-height: 1.5;\">Website (einschlie\u00dflich Ihrer IP-Adresse) und Auslieferung von Werbeformaten werden an\u00a0<\/span><span style=\"line-height: 1.5;\">einen Server von Google in den USA \u00fcbertragen und dort gespeichert. Diese\u00a0<\/span><span style=\"line-height: 1.5;\">Informationen k\u00f6nnen von Google an Vertragspartner von Google weiter gegeben\u00a0<\/span><span style=\"line-height: 1.5;\">werden.<\/span><\/p>\n<p>Google wird Ihre IP-Adresse jedoch nicht mit anderen von Ihnen gespeicherten Daten\u00a0zusammenf\u00fchren.<br \/>\nSie k\u00f6nnen die Installation der Cookies durch eine entsprechende Einstellung Ihrer\u00a0Browser Software verhindern; wir weisen Sie jedoch darauf hin, dass Sie in diesem Fall\u00a0gegebenenfalls nicht s\u00e4mtliche Funktionen dieser Website voll umf\u00e4nglich nutzen\u00a0k\u00f6nnen. Durch die Nutzung dieser Website erkl\u00e4ren Sie sich mit der Bearbeitung der \u00fcber\u00a0Sie erhobenen Daten durch Google in der zuvor beschriebenen Art und Weise und zu dem\u00a0zuvor benannten Zweck einverstanden.<\/p>\n<p>&nbsp;<\/p>\n<p><strong>Datenschutzerkl\u00e4rung f\u00fcr die Nutzung von Google +1<\/strong><br \/>\n<em>Erfassung und Weitergabe von Informationen:<\/em><br \/>\nMithilfe der Google +1-Schaltfl\u00e4che k\u00f6nnen Sie Informationen weltweit ver\u00f6ffentlichen.\u00a0\u00fcber die Google +1-Schaltfl\u00e4che erhalten Sie und andere Nutzer personalisierte Inhalte\u00a0von Google und unseren Partnern. Google speichert sowohl die Information, dass Sie f\u00fcr\u00a0einen Inhalt +1 gegeben haben, als auch Informationen \u00fcber die Seite, die Sie beim\u00a0Klicken auf\u00a0+1 angesehen haben. Ihre +1 k\u00f6nnen als Hinweise zusammen mit Ihrem Profilnamen und\u00a0Ihrem Foto in Google-Diensten, wie etwa in Suchergebnissen oder in Ihrem Google-Profil,\u00a0oder an anderen Stellen auf Websites und Anzeigen im Internet eingeblendet werden.<\/p>\n<p>Google zeichnet Informationen \u00fcber Ihre +1-Aktivit\u00e4ten auf, um die Google-Dienste f\u00fcr\u00a0Sie und andere zu verbessern. Um die Google +1-Schaltfl\u00e4che verwenden zu k\u00f6nnen,\u00a0ben\u00f6tigen Sie ein weltweit sichtbares, \u00f6ffentliches Google-Profil, das zumindest den f\u00fcr\u00a0das Profil gew\u00e4hlten Namen enthalten muss. Dieser Name wird in allen Google-Diensten\u00a0verwendet. In manchen F\u00e4llen kann dieser Name auch einen anderen Namen ersetzen,\u00a0den Sie beim Teilen von Inhalten \u00fcber Ihr Google-Konto verwendet haben. Die Identit\u00e4t<br \/>\nIhres Google-Profils kann Nutzern angezeigt werden, die Ihre E-Mail-Adresse kennen oder\u00a0\u00fcber andere identifizierende Informationen von Ihnen verf\u00fcgen.<\/p>\n<p>&nbsp;<\/p>\n<p><em>Verwendung der erfassten Informationen:<\/em><br \/>\nNeben den oben erl\u00e4uterten Verwendungszwecken werden die von Ihnen bereitgestellten\u00a0Informationen gem\u00e4\u00df den geltenden Google-Datenschutzbestimmungen genutzt. Google\u00a0ver\u00f6ffentlicht m\u00f6glicherweise zusammengefasste Statistiken \u00fcber die +1-Aktivit\u00e4ten der\u00a0Nutzer bzw. gibt diese an Nutzer und Partner weiter, wie etwa\u00a0Publisher, Inserenten oder verbundene Websites.<\/p>\n<p>&nbsp;<\/p>\n<p>Quellverweis: eRecht24 Disclaimer, Datenschutzerkl\u00e4rung f\u00fcr Google Analytics, Google<br \/>\nAdsense Datenschutzerkl\u00e4rung, Google +1 Bedingunge n[\/vc_column_text][\/vc_column][\/vc_row]<\/p>\n<\/section>","protected":false},"excerpt":{"rendered":"<p>[vc_row full_width=&#8221;stretch_row_content_no_spaces&#8221; parallax=&#8221;&#8221; parallax_image=&#8221;&#8221;][vc_column width=&#8221;1\/1&#8243;][rev_slider_vc alias=&#8221;intro&#8221;][\/vc_column][\/vc_row][vc_row full_width=&#8221;&#8221; parallax=&#8221;&#8221; parallax_image=&#8221;&#8221;][vc_column width=&#8221;1\/1&#8243;][vc_column_text] Impressum [\/vc_column_text][\/vc_column][\/vc_row][vc_row full_width=&#8221;&#8221; parallax=&#8221;&#8221; parallax_image=&#8221;&#8221;][vc_column width=&#8221;1\/1&#8243;][vc_column_text] Apotheke am Kran www.apothekeamkran.de Apothekerin Dorothea Wendt eK L\u00fcnertorstr. 5 21335 L\u00fcneburg Telefon + 49 (0) 4131 &#8211; 35933 Fax + 49 (0) 4131 &#8211; 32849 mail@apothekeamkran.de &nbsp; Gesetzliche Berufsbezeichnung, verliehen in D\u00fcsseldorf, Deutschland: Apothekerin Zust\u00e4ndige Aufsichtsbeh\u00f6rde: Bezirksregierung L\u00fcneburg &hellip; <a href=\"https:\/\/www.apotheke-am-kran.de\/en\/impressum\/\" class=\"more-link\">Continue reading <span class=\"screen-reader-text\">Impressum<\/span> <span class=\"meta-nav\">&rarr;<\/span><\/a><\/p>\n","protected":false},"author":1,"featured_media":0,"parent":0,"menu_order":0,"comment_status":"closed","ping_status":"closed","template":"","meta":[],"aioseo_notices":[],"_links":{"self":[{"href":"https:\/\/www.apotheke-am-kran.de\/en\/wp-json\/wp\/v2\/pages\/7"}],"collection":[{"href":"https:\/\/www.apotheke-am-kran.de\/en\/wp-json\/wp\/v2\/pages"}],"about":[{"href":"https:\/\/www.apotheke-am-kran.de\/en\/wp-json\/wp\/v2\/types\/page"}],"author":[{"embeddable":true,"href":"https:\/\/www.apotheke-am-kran.de\/en\/wp-json\/wp\/v2\/users\/1"}],"replies":[{"embeddable":true,"href":"https:\/\/www.apotheke-am-kran.de\/en\/wp-json\/wp\/v2\/comments?post=7"}],"version-history":[{"count":12,"href":"https:\/\/www.apotheke-am-kran.de\/en\/wp-json\/wp\/v2\/pages\/7\/revisions"}],"predecessor-version":[{"id":465,"href":"https:\/\/www.apotheke-am-kran.de\/en\/wp-json\/wp\/v2\/pages\/7\/revisions\/465"}],"wp:attachment":[{"href":"https:\/\/www.apotheke-am-kran.de\/en\/wp-json\/wp\/v2\/media?parent=7"}],"curies":[{"name":"wp","href":"https:\/\/api.w.org\/{rel}","templated":true}]}}