{"id":11,"date":"2015-07-14T13:05:52","date_gmt":"2015-07-14T13:05:52","guid":{"rendered":"http:\/\/apothekeamkran.de\/?page_id=11"},"modified":"2025-10-28T21:57:13","modified_gmt":"2025-10-28T21:57:13","slug":"team","status":"publish","type":"page","link":"https:\/\/www.apotheke-am-kran.de\/en\/team\/","title":{"rendered":"Team"},"content":{"rendered":"<section class=\"wpb-content-wrapper\"><p>[\/vc_column_text][\/vc_column][\/vc_row][vc_row full_width=&#8221;stretch_row_content_no_spaces&#8221;][vc_column][rev_slider_vc alias=&#8221;intro&#8221;][\/vc_column][\/vc_row][vc_row][vc_column][vc_column_text css_animation=&#8221;left-to-right&#8221;]<\/p>\n<h1>Das Team<\/h1>\n<p>[\/vc_column_text][\/vc_column][\/vc_row][vc_row][vc_column width=&#8221;1\/6&#8243;][vc_single_image image=&#8221;113&#8243; img_size=&#8221;full&#8221; style=&#8221;vc_box_border_circle&#8221; css_animation=&#8221;appear&#8221;][vc_column_text]<strong>Dorothea Wendt<\/strong><br \/>\nInhaberin[\/vc_column_text][\/vc_column][vc_column width=&#8221;4\/6&#8243;][vc_column_text]Darf ich vorstellen: unser Team!<\/p>\n<p>Zusammen bringen wir rund 200 Berufsjahre auf die Waage.<br \/>\nGesammelt haben wir unsere Erfahrungen unter anderem in Apotheken in Oberhausen\/Rhld., D\u00fcsseldorf, M\u00fcnster, Wuppertal, Bremen, L\u00fcbeck, Bad Oldesloe, Ratzeburg, Sereetz, Burg auf Fehmarn, Flensburg, Coswig\/Anh., Aachen, Offenbach, Hamburg, Neetze, Uelzen, Winsen, Reppenstedt, Kirchgellersen und L\u00fcneburg.<br \/>\nIn L\u00fcneburg und Umgebung sind wir zu Hause und m\u00f6chten in der Apotheke am Kran mit unserem Wissen, mit Geduld und offenen Ohren unseren Kunden- und Patientenkreis beraten und betreuen. Besucher aus aller Herren L\u00e4nder sind willkommen. Wir wollen \u00fcber den Tellerrand schauen und bei allem Fachwissen nicht vergessen, dass wir alle mit Freundlichkeit und Verbindlichkeit f\u00fcr unsere Mitmenschen da sind:<\/p>\n<p>im Dienste der Gesundheit:[\/vc_column_text][vc_btn title=&#8221;mehr \u00fcber unsere Apotheke erfahren&#8221; color=&#8221;danger&#8221; size=&#8221;sm&#8221; align=&#8221;right&#8221; i_icon_fontawesome=&#8221;fa fa-home&#8221; css_animation=&#8221;top-to-bottom&#8221; add_icon=&#8221;true&#8221; link=&#8221;url:http%3A%2F%2Fapothekeamkran.de%2Fapotheke%2F||&#8221;][\/vc_column][\/vc_row][vc_row][vc_column width=&#8221;1\/6&#8243;][vc_single_image image=&#8221;81&#8243; img_size=&#8221;full&#8221; alignment=&#8221;&#8221; style=&#8221;vc_box_border_circle&#8221; css_animation=&#8221;appear&#8221;][vc_column_text css_animation=&#8221;appear&#8221;]<strong>Ines Schmidt<\/strong><br \/>\nPKA[\/vc_column_text][\/vc_column][vc_column width=&#8221;1\/6&#8243;][vc_column_text]<br \/>\n[\/vc_column_text][\/vc_column][\/vc_row][vc_row][vc_column width=&#8221;1\/6&#8243;][vc_single_image image=&#8221;198&#8243; img_size=&#8221;full&#8221; style=&#8221;vc_box_border_circle&#8221; css_animation=&#8221;appear&#8221;][vc_column_text css_animation=&#8221;appear&#8221;]<strong>Rainer Haffke<\/strong><br \/>\nBotendienst[\/vc_column_text][\/vc_column][vc_column width=&#8221;1\/6&#8243;][vc_single_image image=&#8221;285&#8243; img_size=&#8221;full&#8221; style=&#8221;vc_box_border_circle&#8221; css_animation=&#8221;appear&#8221;][vc_column_text css_animation=&#8221;appear&#8221;]<strong>e-Golf<br \/>\n<\/strong>Botendienstfahrzeug[\/vc_column_text][vc_column_text]<br \/>\n[\/vc_column_text][\/vc_column][vc_column width=&#8221;1\/6&#8243;][vc_column_text]<br \/>\n[\/vc_column_text][\/vc_column][\/vc_row][vc_row][vc_column][vc_column_text][\/vc_column_text][\/vc_column][\/vc_row][vc_row][vc_column][vc_column_text][\/vc_column_text][\/vc_column][\/vc_row][vc_row full_width=&#8221;stretch_row_content_no_spaces&#8221;][vc_column][rev_slider_vc alias=&#8221;intro&#8221;][\/vc_column][\/vc_row][vc_row][vc_column][vc_column_text css_animation=&#8221;left-to-right&#8221;]<\/p>\n<h1>Das Team<\/h1>\n<p>[\/vc_column_text][\/vc_column][\/vc_row][vc_row][vc_column width=&#8221;1\/6&#8243;][vc_single_image image=&#8221;113&#8243; img_size=&#8221;full&#8221; style=&#8221;vc_box_border_circle&#8221; css_animation=&#8221;appear&#8221;][vc_column_text]<strong>Dorothea Wendt<\/strong><br \/>\nInhaberin[\/vc_column_text][\/vc_column][vc_column width=&#8221;4\/6&#8243;][vc_column_text]Darf ich vorstellen: unser Team!<\/p>\n<p>Zusammen bringen wir rund 200 Berufsjahre auf die Waage.<br \/>\nGesammelt haben wir unsere Erfahrungen unter anderem in Apotheken in Oberhausen\/Rhld., D\u00fcsseldorf, M\u00fcnster, Wuppertal, Bremen, L\u00fcbeck, Bad Oldesloe, Ratzeburg, Sereetz, Burg auf Fehmarn, Flensburg, Coswig\/Anh., Aachen, Offenbach, Hamburg, Neetze, Uelzen, Winsen, Reppenstedt, Kirchgellersen und L\u00fcneburg.<br \/>\nIn L\u00fcneburg und Umgebung sind wir zu Hause und m\u00f6chten in der Apotheke am Kran mit unserem Wissen, mit Geduld und offenen Ohren unseren Kunden- und Patientenkreis beraten und betreuen. Besucher aus aller Herren L\u00e4nder sind willkommen. Wir wollen \u00fcber den Tellerrand schauen und bei allem Fachwissen nicht vergessen, dass wir alle mit Freundlichkeit und Verbindlichkeit f\u00fcr unsere Mitmenschen da sind:<\/p>\n<p>im Dienste der Gesundheit:[\/vc_column_text][vc_btn title=&#8221;mehr \u00fcber unsere Apotheke erfahren&#8221; color=&#8221;danger&#8221; size=&#8221;sm&#8221; align=&#8221;right&#8221; i_icon_fontawesome=&#8221;fa fa-home&#8221; css_animation=&#8221;top-to-bottom&#8221; add_icon=&#8221;true&#8221; link=&#8221;url:http%3A%2F%2Fapothekeamkran.de%2Fapotheke%2F||&#8221;][\/vc_column][\/vc_row][vc_row][vc_column width=&#8221;1\/6&#8243;][vc_single_image image=&#8221;81&#8243; img_size=&#8221;full&#8221; alignment=&#8221;&#8221; style=&#8221;vc_box_border_circle&#8221; css_animation=&#8221;appear&#8221;][vc_column_text css_animation=&#8221;appear&#8221;]<strong>Ines Schmidt<\/strong><br \/>\nPKA[\/vc_column_text][\/vc_column][vc_column width=&#8221;1\/6&#8243;][vc_column_text]<br \/>\n[\/vc_column_text][\/vc_column][\/vc_row][vc_row][vc_column width=&#8221;1\/6&#8243;][vc_single_image image=&#8221;198&#8243; img_size=&#8221;full&#8221; style=&#8221;vc_box_border_circle&#8221; css_animation=&#8221;appear&#8221;][vc_column_text css_animation=&#8221;appear&#8221;]<strong>Rainer Haffke<\/strong><br \/>\nBotendienst[\/vc_column_text][\/vc_column][vc_column width=&#8221;1\/6&#8243;][vc_single_image image=&#8221;285&#8243; img_size=&#8221;full&#8221; style=&#8221;vc_box_border_circle&#8221; css_animation=&#8221;appear&#8221;][vc_column_text css_animation=&#8221;appear&#8221;]<strong>e-Golf<br \/>\n<\/strong>Botendienstfahrzeug[\/vc_column_text][vc_column_text]<br \/>\n[\/vc_column_text][\/vc_column][vc_column width=&#8221;1\/6&#8243;][vc_column_text]<br \/>\n[\/vc_column_text][\/vc_column][\/vc_row][vc_row][vc_column][vc_column_text][\/vc_column_text][\/vc_column][\/vc_row][\/vc_column_text][\/vc_column][\/vc_row][vc_row full_width=&#8221;stretch_row_content_no_spaces&#8221;][vc_column][rev_slider_vc alias=&#8221;intro&#8221;][\/vc_column][\/vc_row][vc_row][vc_column][vc_column_text css_animation=&#8221;left-to-right&#8221;]<\/p>\n<h1>Das Team<\/h1>\n<p>[\/vc_column_text][\/vc_column][\/vc_row][vc_row][vc_column width=&#8221;1\/6&#8243;][vc_single_image image=&#8221;113&#8243; img_size=&#8221;full&#8221; style=&#8221;vc_box_border_circle&#8221; css_animation=&#8221;appear&#8221;][vc_column_text]<strong>Dorothea Wendt<\/strong><br \/>\nInhaberin[\/vc_column_text][\/vc_column][vc_column width=&#8221;4\/6&#8243;][vc_column_text]Darf ich vorstellen: unser Team!<\/p>\n<p>Zusammen bringen wir rund 200 Berufsjahre auf die Waage.<br \/>\nGesammelt haben wir unsere Erfahrungen unter anderem in Apotheken in Oberhausen\/Rhld., D\u00fcsseldorf, M\u00fcnster, Wuppertal, Bremen, L\u00fcbeck, Bad Oldesloe, Ratzeburg, Sereetz, Burg auf Fehmarn, Flensburg, Coswig\/Anh., Aachen, Offenbach, Hamburg, Neetze, Uelzen, Winsen, Reppenstedt, Kirchgellersen und L\u00fcneburg.<br \/>\nIn L\u00fcneburg und Umgebung sind wir zu Hause und m\u00f6chten in der Apotheke am Kran mit unserem Wissen, mit Geduld und offenen Ohren unseren Kunden- und Patientenkreis beraten und betreuen. Besucher aus aller Herren L\u00e4nder sind willkommen. Wir wollen \u00fcber den Tellerrand schauen und bei allem Fachwissen nicht vergessen, dass wir alle mit Freundlichkeit und Verbindlichkeit f\u00fcr unsere Mitmenschen da sind:<\/p>\n<p>im Dienste der Gesundheit:[\/vc_column_text][vc_btn title=&#8221;mehr \u00fcber unsere Apotheke erfahren&#8221; color=&#8221;danger&#8221; size=&#8221;sm&#8221; align=&#8221;right&#8221; i_icon_fontawesome=&#8221;fa fa-home&#8221; css_animation=&#8221;top-to-bottom&#8221; add_icon=&#8221;true&#8221; link=&#8221;url:http%3A%2F%2Fapothekeamkran.de%2Fapotheke%2F||&#8221;][\/vc_column][\/vc_row][vc_row][vc_column width=&#8221;1\/6&#8243;][vc_single_image image=&#8221;81&#8243; img_size=&#8221;full&#8221; alignment=&#8221;&#8221; style=&#8221;vc_box_border_circle&#8221; css_animation=&#8221;appear&#8221;][vc_column_text css_animation=&#8221;appear&#8221;]<strong>Ines Schmidt<\/strong><br \/>\nPKA[\/vc_column_text][\/vc_column][vc_column width=&#8221;1\/6&#8243;][vc_single_image image=&#8221;210&#8243; img_size=&#8221;full&#8221; style=&#8221;vc_box_border_circle&#8221; css_animation=&#8221;appear&#8221;][vc_column_text css_animation=&#8221;appear&#8221;]<strong>Monika Westermann<\/strong><br \/>\nPTA[\/vc_column_text][\/vc_column][vc_column width=&#8221;1\/6&#8243;][vc_single_image image=&#8221;84&#8243; img_size=&#8221;full&#8221; alignment=&#8221;&#8221; style=&#8221;vc_box_border_circle&#8221; css_animation=&#8221;appear&#8221;][vc_column_text css_animation=&#8221;appear&#8221;]<strong>Andrea Staszak<\/strong><br \/>\nPTA[\/vc_column_text][\/vc_column][vc_column width=&#8221;1\/6&#8243;][vc_single_image image=&#8221;85&#8243; img_size=&#8221;full&#8221; alignment=&#8221;&#8221; style=&#8221;vc_box_border_circle&#8221; css_animation=&#8221;appear&#8221;][vc_column_text css_animation=&#8221;appear&#8221;]<strong>Dagmar Petersen<\/strong><br \/>\nPTA[\/vc_column_text][\/vc_column][vc_column width=&#8221;1\/6&#8243;][vc_single_image image=&#8221;86&#8243; img_size=&#8221;full&#8221; alignment=&#8221;&#8221; style=&#8221;vc_box_border_circle&#8221; css_animation=&#8221;appear&#8221;][vc_column_text css_animation=&#8221;appear&#8221;]<strong>Kerstin Wrobel<\/strong><br \/>\nPTA[\/vc_column_text][\/vc_column][vc_column width=&#8221;1\/6&#8243;][vc_column_text]<br \/>\n[\/vc_column_text][\/vc_column][\/vc_row][vc_row][vc_column width=&#8221;1\/6&#8243;][vc_single_image image=&#8221;88&#8243; img_size=&#8221;full&#8221; alignment=&#8221;&#8221; style=&#8221;vc_box_border_circle&#8221; css_animation=&#8221;appear&#8221;][vc_column_text css_animation=&#8221;appear&#8221;]<strong>Karin K\u00f6ster<\/strong><br \/>\nReinigung, Botendienst[\/vc_column_text][\/vc_column][vc_column width=&#8221;1\/6&#8243;][vc_single_image image=&#8221;198&#8243; img_size=&#8221;full&#8221; style=&#8221;vc_box_border_circle&#8221; css_animation=&#8221;appear&#8221;][vc_column_text css_animation=&#8221;appear&#8221;]<strong>Rainer Haffke<\/strong><br \/>\nBotendienst[\/vc_column_text][\/vc_column][vc_column width=&#8221;1\/6&#8243;][vc_single_image image=&#8221;285&#8243; img_size=&#8221;full&#8221; style=&#8221;vc_box_border_circle&#8221; css_animation=&#8221;appear&#8221;][vc_column_text css_animation=&#8221;appear&#8221;]<strong>e-Golf<br \/>\n<\/strong>Botendienstfahrzeug[\/vc_column_text][vc_column_text]<br \/>\n[\/vc_column_text][\/vc_column][vc_column width=&#8221;1\/6&#8243;][vc_single_image image=&#8221;272&#8243; img_size=&#8221;full&#8221; style=&#8221;vc_box_border_circle&#8221; css_animation=&#8221;appear&#8221;][vc_column_text css_animation=&#8221;appear&#8221;]<strong>Gunhild Herberich<br \/>\n<\/strong>Apothekerin[\/vc_column_text][\/vc_column][vc_column width=&#8221;1\/6&#8243;][vc_single_image image=&#8221;87&#8243; img_size=&#8221;full&#8221; alignment=&#8221;&#8221; style=&#8221;vc_box_border_circle&#8221; css_animation=&#8221;appear&#8221;][vc_column_text css_animation=&#8221;appear&#8221;]<strong>Christine Kantor<\/strong><br \/>\nPKA[\/vc_column_text][\/vc_column][vc_column width=&#8221;1\/6&#8243;][vc_column_text]<br \/>\n[\/vc_column_text][\/vc_column][\/vc_row][vc_row][vc_column][vc_column_text][\/vc_column_text][\/vc_column][\/vc_row][vc_row full_width=&#8221;stretch_row_content_no_spaces&#8221; parallax=&#8221;&#8221; parallax_image=&#8221;&#8221;][vc_column width=&#8221;1\/1&#8243;][rev_slider_vc alias=&#8221;intro&#8221;][\/vc_column][\/vc_row][vc_row full_width=&#8221;&#8221; parallax=&#8221;&#8221; parallax_image=&#8221;&#8221;][vc_column width=&#8221;1\/1&#8243;][vc_column_text css_animation=&#8221;left-to-right&#8221;]<\/p>\n<h1>Das Team<\/h1>\n<p>[\/vc_column_text][\/vc_column][\/vc_row][vc_row full_width=&#8221;&#8221; parallax=&#8221;&#8221; parallax_image=&#8221;&#8221;][vc_column width=&#8221;1\/6&#8243;][vc_single_image image=&#8221;113&#8243; style=&#8221;vc_box_border_circle&#8221; border_color=&#8221;grey&#8221; img_link_large=&#8221;&#8221; img_link_target=&#8221;_self&#8221; css_animation=&#8221;appear&#8221; img_size=&#8221;full&#8221;][vc_column_text]<strong>Dorothea Wendt<\/strong><br \/>\nInhaberin[\/vc_column_text][\/vc_column][vc_column width=&#8221;4\/6&#8243;][vc_column_text]Darf ich vorstellen: unser Team!<\/p>\n<p>Zusammen bringen wir rund 200 Berufsjahre auf die Waage.<br \/>\nGesammelt haben wir unsere Erfahrungen unter anderem in Apotheken in Oberhausen\/Rhld., D\u00fcsseldorf, M\u00fcnster, Wuppertal, Bremen, L\u00fcbeck, Bad Oldesloe, Ratzeburg, Sereetz, Burg auf Fehmarn, Flensburg, Coswig\/Anh., Aachen, Offenbach, Hamburg, Neetze, Uelzen, Winsen, Reppenstedt, Kirchgellersen und L\u00fcneburg.<br \/>\nIn L\u00fcneburg und Umgebung sind wir zu Hause und m\u00f6chten in der Apotheke am Kran mit unserem Wissen, mit Geduld und offenen Ohren unseren Kunden- und Patientenkreis beraten und betreuen. Besucher aus aller Herren L\u00e4nder sind willkommen. Wir wollen \u00fcber den Tellerrand schauen und bei allem Fachwissen nicht vergessen, dass wir alle mit Freundlichkeit und Verbindlichkeit f\u00fcr unsere Mitmenschen da sind:<\/p>\n<p>im Dienste der Gesundheit:[\/vc_column_text][vc_btn title=&#8221;mehr \u00fcber unsere Apotheke erfahren&#8221; style=&#8221;modern&#8221; shape=&#8221;rounded&#8221; color=&#8221;danger&#8221; size=&#8221;sm&#8221; align=&#8221;right&#8221; i_align=&#8221;left&#8221; i_type=&#8221;fontawesome&#8221; i_icon_fontawesome=&#8221;fa fa-home&#8221; i_icon_openiconic=&#8221;vc-oi vc-oi-dial&#8221; i_icon_typicons=&#8221;typcn typcn-adjust-brightness&#8221; i_icon_entypo=&#8221;entypo-icon entypo-icon-note&#8221; i_icon_linecons=&#8221;vc_li vc_li-heart&#8221; css_animation=&#8221;top-to-bottom&#8221; button_block=&#8221;&#8221; add_icon=&#8221;true&#8221; i_icon_pixelicons=&#8221;vc_pixel_icon vc_pixel_icon-alert&#8221; link=&#8221;url:http%3A%2F%2Fapothekeamkran.de%2Fapotheke%2F||&#8221;][\/vc_column][\/vc_row][vc_row full_width=&#8221;&#8221; parallax=&#8221;&#8221; parallax_image=&#8221;&#8221; el_id=&#8221;&#8221;][vc_column width=&#8221;1\/6&#8243;][vc_single_image image=&#8221;81&#8243; alignment=&#8221;&#8221; style=&#8221;vc_box_border_circle&#8221; border_color=&#8221;grey&#8221; img_link_large=&#8221;&#8221; img_link_target=&#8221;_self&#8221; css_animation=&#8221;appear&#8221; img_size=&#8221;full&#8221;][vc_column_text css_animation=&#8221;appear&#8221;]<strong>Ines Schmidt<\/strong><br \/>\nPKA[\/vc_column_text][\/vc_column][vc_column width=&#8221;1\/6&#8243;][vc_single_image image=&#8221;210&#8243; style=&#8221;vc_box_border_circle&#8221; border_color=&#8221;grey&#8221; img_link_large=&#8221;&#8221; img_link_target=&#8221;_self&#8221; css_animation=&#8221;appear&#8221; img_size=&#8221;full&#8221;][vc_column_text css_animation=&#8221;appear&#8221;]<strong>Monika Westermann<\/strong><br \/>\nPTA[\/vc_column_text][\/vc_column][vc_column width=&#8221;1\/6&#8243;][vc_single_image image=&#8221;84&#8243; alignment=&#8221;&#8221; style=&#8221;vc_box_border_circle&#8221; border_color=&#8221;grey&#8221; img_link_large=&#8221;&#8221; img_link_target=&#8221;_self&#8221; css_animation=&#8221;appear&#8221; img_size=&#8221;full&#8221;][vc_column_text css_animation=&#8221;appear&#8221;]<strong>Andrea Staszak<\/strong><br \/>\nPTA[\/vc_column_text][\/vc_column][vc_column width=&#8221;1\/6&#8243;][vc_single_image image=&#8221;85&#8243; alignment=&#8221;&#8221; style=&#8221;vc_box_border_circle&#8221; border_color=&#8221;grey&#8221; img_link_large=&#8221;&#8221; img_link_target=&#8221;_self&#8221; css_animation=&#8221;appear&#8221; img_size=&#8221;full&#8221;][vc_column_text css_animation=&#8221;appear&#8221;]<strong>Dagmar Petersen<\/strong><br \/>\nPTA[\/vc_column_text][\/vc_column][vc_column width=&#8221;1\/6&#8243;][vc_single_image image=&#8221;86&#8243; alignment=&#8221;&#8221; style=&#8221;vc_box_border_circle&#8221; border_color=&#8221;grey&#8221; img_link_large=&#8221;&#8221; img_link_target=&#8221;_self&#8221; css_animation=&#8221;appear&#8221; img_size=&#8221;full&#8221;][vc_column_text css_animation=&#8221;appear&#8221;]<strong>Kerstin Wrobel<\/strong><br \/>\nPTA[\/vc_column_text][\/vc_column][vc_column width=&#8221;1\/6&#8243;][vc_column_text]<br \/>\n[\/vc_column_text][\/vc_column][\/vc_row][vc_row full_width=&#8221;&#8221; parallax=&#8221;&#8221; parallax_image=&#8221;&#8221;][vc_column width=&#8221;1\/6&#8243;][vc_single_image image=&#8221;88&#8243; alignment=&#8221;&#8221; style=&#8221;vc_box_border_circle&#8221; border_color=&#8221;grey&#8221; img_link_large=&#8221;&#8221; img_link_target=&#8221;_self&#8221; css_animation=&#8221;appear&#8221; img_size=&#8221;full&#8221;][vc_column_text css_animation=&#8221;appear&#8221;]<strong>Karin K\u00f6ster<\/strong><br \/>\nReinigung, Botendienst[\/vc_column_text][\/vc_column][vc_column width=&#8221;1\/6&#8243;][vc_single_image image=&#8221;198&#8243; style=&#8221;vc_box_border_circle&#8221; border_color=&#8221;grey&#8221; img_link_large=&#8221;&#8221; img_link_target=&#8221;_self&#8221; css_animation=&#8221;appear&#8221; img_size=&#8221;full&#8221;][vc_column_text css_animation=&#8221;appear&#8221;]<strong>Rainer Haffke<\/strong><br \/>\nBotendienst[\/vc_column_text][\/vc_column][vc_column width=&#8221;1\/6&#8243;][vc_single_image image=&#8221;285&#8243; style=&#8221;vc_box_border_circle&#8221; border_color=&#8221;grey&#8221; img_link_large=&#8221;&#8221; img_link_target=&#8221;_self&#8221; css_animation=&#8221;appear&#8221; img_size=&#8221;full&#8221;][vc_column_text css_animation=&#8221;appear&#8221;]<strong>e-Golf<br \/>\n<\/strong>Botendienstfahrzeug[\/vc_column_text][vc_column_text]<br \/>\n[\/vc_column_text][\/vc_column][vc_column width=&#8221;1\/6&#8243;][vc_single_image image=&#8221;272&#8243; style=&#8221;vc_box_border_circle&#8221; border_color=&#8221;grey&#8221; img_link_large=&#8221;&#8221; img_link_target=&#8221;_self&#8221; css_animation=&#8221;appear&#8221; img_size=&#8221;full&#8221;][vc_column_text css_animation=&#8221;appear&#8221;]<strong>Gunhild Herberich<br \/>\n<\/strong>Apothekerin[\/vc_column_text][\/vc_column][vc_column width=&#8221;1\/6&#8243;][vc_single_image image=&#8221;87&#8243; alignment=&#8221;&#8221; style=&#8221;vc_box_border_circle&#8221; border_color=&#8221;grey&#8221; img_link_large=&#8221;&#8221; img_link_target=&#8221;_self&#8221; css_animation=&#8221;appear&#8221; img_size=&#8221;full&#8221;][vc_column_text css_animation=&#8221;appear&#8221;]<strong>Christine Kantor<\/strong><br \/>\nPKA[\/vc_column_text][\/vc_column][vc_column width=&#8221;1\/6&#8243;][vc_column_text]<br \/>\n[\/vc_column_text][\/vc_column][\/vc_row]<\/p>\n<\/section>","protected":false},"excerpt":{"rendered":"<p>[\/vc_column_text][\/vc_column][\/vc_row][vc_row full_width=&#8221;stretch_row_content_no_spaces&#8221;][vc_column][rev_slider_vc alias=&#8221;intro&#8221;][\/vc_column][\/vc_row][vc_row][vc_column][vc_column_text css_animation=&#8221;left-to-right&#8221;] Das Team [\/vc_column_text][\/vc_column][\/vc_row][vc_row][vc_column width=&#8221;1\/6&#8243;][vc_single_image image=&#8221;113&#8243; img_size=&#8221;full&#8221; style=&#8221;vc_box_border_circle&#8221; css_animation=&#8221;appear&#8221;][vc_column_text]Dorothea Wendt Inhaberin[\/vc_column_text][\/vc_column][vc_column width=&#8221;4\/6&#8243;][vc_column_text]Darf ich vorstellen: unser Team! Zusammen bringen wir rund 200 Berufsjahre auf die Waage. Gesammelt haben wir unsere Erfahrungen unter anderem in Apotheken in Oberhausen\/Rhld., D\u00fcsseldorf, M\u00fcnster, Wuppertal, Bremen, L\u00fcbeck, Bad Oldesloe, Ratzeburg, Sereetz, Burg auf Fehmarn, Flensburg, Coswig\/Anh., Aachen, Offenbach, &hellip; <a href=\"https:\/\/www.apotheke-am-kran.de\/en\/team\/\" class=\"more-link\">Continue reading <span class=\"screen-reader-text\">Team<\/span> <span class=\"meta-nav\">&rarr;<\/span><\/a><\/p>\n","protected":false},"author":1,"featured_media":0,"parent":0,"menu_order":0,"comment_status":"closed","ping_status":"closed","template":"","meta":[],"aioseo_notices":[],"_links":{"self":[{"href":"https:\/\/www.apotheke-am-kran.de\/en\/wp-json\/wp\/v2\/pages\/11"}],"collection":[{"href":"https:\/\/www.apotheke-am-kran.de\/en\/wp-json\/wp\/v2\/pages"}],"about":[{"href":"https:\/\/www.apotheke-am-kran.de\/en\/wp-json\/wp\/v2\/types\/page"}],"author":[{"embeddable":true,"href":"https:\/\/www.apotheke-am-kran.de\/en\/wp-json\/wp\/v2\/users\/1"}],"replies":[{"embeddable":true,"href":"https:\/\/www.apotheke-am-kran.de\/en\/wp-json\/wp\/v2\/comments?post=11"}],"version-history":[{"count":52,"href":"https:\/\/www.apotheke-am-kran.de\/en\/wp-json\/wp\/v2\/pages\/11\/revisions"}],"predecessor-version":[{"id":529,"href":"https:\/\/www.apotheke-am-kran.de\/en\/wp-json\/wp\/v2\/pages\/11\/revisions\/529"}],"wp:attachment":[{"href":"https:\/\/www.apotheke-am-kran.de\/en\/wp-json\/wp\/v2\/media?parent=11"}],"curies":[{"name":"wp","href":"https:\/\/api.w.org\/{rel}","templated":true}]}}